{"id":1256,"date":"2025-02-17T15:37:20","date_gmt":"2025-02-17T15:37:20","guid":{"rendered":"https:\/\/baticleantech.fr\/?page_id=1256"},"modified":"2025-07-15T11:12:54","modified_gmt":"2025-07-15T11:12:54","slug":"toiture","status":"publish","type":"page","link":"https:\/\/baticleantech.fr\/?page_id=1256","title":{"rendered":"Toiture"},"content":{"rendered":"\t\t<div data-elementor-type=\"wp-page\" data-elementor-id=\"1256\" class=\"elementor elementor-1256\">\n\t\t\t\t<div class=\"elementor-element elementor-element-3de2df5 e-flex e-con-boxed e-con e-parent\" data-id=\"3de2df5\" data-element_type=\"container\" data-settings=\"{&quot;background_background&quot;:&quot;slideshow&quot;,&quot;background_slideshow_gallery&quot;:[{&quot;id&quot;:2296,&quot;url&quot;:&quot;https:\\\/\\\/baticleantech.fr\\\/wp-content\\\/uploads\\\/2025\\\/06\\\/WhatsApp-Image-2025-06-23-a-11.43.28_1749bbea.jpg&quot;},{&quot;id&quot;:2297,&quot;url&quot;:&quot;https:\\\/\\\/baticleantech.fr\\\/wp-content\\\/uploads\\\/2025\\\/06\\\/WhatsApp-Image-2025-06-23-a-11.43.10_e1e60e89.jpg&quot;}],&quot;background_slideshow_loop&quot;:&quot;yes&quot;,&quot;background_slideshow_slide_duration&quot;:5000,&quot;background_slideshow_slide_transition&quot;:&quot;fade&quot;,&quot;background_slideshow_transition_duration&quot;:500}\">\n\t\t\t\t\t<div class=\"e-con-inner\">\n\t\t\t\t\t<\/div>\n\t\t\t\t<\/div>\n\t\t<div class=\"elementor-element elementor-element-74926a5 e-flex e-con-boxed e-con e-parent\" data-id=\"74926a5\" data-element_type=\"container\">\n\t\t\t\t\t<div class=\"e-con-inner\">\n\t\t\t\t<div class=\"elementor-element elementor-element-36dc6cc elementor-widget elementor-widget-spacer\" data-id=\"36dc6cc\" data-element_type=\"widget\" data-widget_type=\"spacer.default\">\n\t\t\t\t<div class=\"elementor-widget-container\">\n\t\t\t\t\t\t\t<div class=\"elementor-spacer\">\n\t\t\t<div class=\"elementor-spacer-inner\"><\/div>\n\t\t<\/div>\n\t\t\t\t\t\t<\/div>\n\t\t\t\t<\/div>\n\t\t\t\t<div class=\"elementor-element elementor-element-0bdc648 elementor-widget elementor-widget-heading\" data-id=\"0bdc648\" data-element_type=\"widget\" data-widget_type=\"heading.default\">\n\t\t\t\t<div class=\"elementor-widget-container\">\n\t\t\t\t\t<h1 class=\"elementor-heading-title elementor-size-default\">Toiture<\/h1>\t\t\t\t<\/div>\n\t\t\t\t<\/div>\n\t\t\t\t\t<\/div>\n\t\t\t\t<\/div>\n\t\t<div class=\"elementor-element elementor-element-34f4266 e-flex e-con-boxed e-con e-parent\" data-id=\"34f4266\" data-element_type=\"container\">\n\t\t\t\t\t<div class=\"e-con-inner\">\n\t\t\t\t<div class=\"elementor-element elementor-element-eff4853 elementor-widget elementor-widget-spacer\" data-id=\"eff4853\" data-element_type=\"widget\" data-widget_type=\"spacer.default\">\n\t\t\t\t<div class=\"elementor-widget-container\">\n\t\t\t\t\t\t\t<div class=\"elementor-spacer\">\n\t\t\t<div class=\"elementor-spacer-inner\"><\/div>\n\t\t<\/div>\n\t\t\t\t\t\t<\/div>\n\t\t\t\t<\/div>\n\t\t\t\t<div class=\"elementor-element elementor-element-b6650ac elementor-widget__width-initial elementor-widget elementor-widget-text-editor\" data-id=\"b6650ac\" data-element_type=\"widget\" data-widget_type=\"text-editor.default\">\n\t\t\t\t<div class=\"elementor-widget-container\">\n\t\t\t\t\t\t\t\t\t<p>Les toitures, qu&rsquo;elles soient plates ou inclin\u00e9es, sont expos\u00e9es aux intemp\u00e9ries, aux salissures et aux v\u00e9g\u00e9taux ind\u00e9sirables. Un nettoyage r\u00e9gulier garantit leur durabilit\u00e9 et pr\u00e9vient les risques d\u2019infiltrations et de d\u00e9gradations.<\/p><ul><li><span style=\"color: #2d79be;\">Entretien des toits terrasses :<\/span> Suppression des v\u00e9g\u00e9taux, surplus de paillettes, poussi\u00e8res et salet\u00e9s pour \u00e9viter l\u2019encrassement et maintenir une bonne \u00e9vacuation des eaux pluviales.<\/li><li><span style=\"color: #2d79be;\">\u00c9vacuation des d\u00e9chets :<\/span> Nettoyage des ch\u00e9neaux, goutti\u00e8res, avaloirs\u2026 pour \u00e9viter les accumulations pouvant provoquer des d\u00e9g\u00e2ts.<\/li><li><span style=\"color: #2d79be;\">Nettoyage des skydomes :<\/span> Am\u00e9liorez la luminosit\u00e9 et l\u2019efficacit\u00e9 \u00e9nerg\u00e9tique de vos b\u00e2timents. D\u00e9tectez les premiers signes d\u2019une fragilit\u00e9 et pr\u00e9servez la structure de potentielles infiltrations.<\/li><li><span style=\"color: #2d79be;\">Entretien des toits inclin\u00e9s :<\/span> \u00c9limination des v\u00e9g\u00e9taux, mousses, lichens et traces de pollution pour pr\u00e9server vos couvertures et le fonctionnement des syst\u00e8mes d\u2019\u00e9vacuations d\u2019eau pluviale.<\/li><\/ul>\t\t\t\t\t\t\t\t<\/div>\n\t\t\t\t<\/div>\n\t\t<div class=\"elementor-element elementor-element-50f02a4 e-flex e-con-boxed e-con e-child\" data-id=\"50f02a4\" data-element_type=\"container\">\n\t\t\t\t\t<div class=\"e-con-inner\">\n\t\t<div class=\"elementor-element elementor-element-64501c8 e-con-full e-flex e-con e-child\" data-id=\"64501c8\" data-element_type=\"container\">\n\t\t<div class=\"elementor-element elementor-element-da011eb e-con-full toiture-img elementor-hidden-desktop elementor-hidden-tablet e-flex e-con e-child\" data-id=\"da011eb\" data-element_type=\"container\" data-settings=\"{&quot;background_background&quot;:&quot;classic&quot;}\">\n\t\t\t\t<\/div>\n\t\t<div class=\"elementor-element elementor-element-a018ef4 e-con-full e-flex e-con e-child\" data-id=\"a018ef4\" data-element_type=\"container\">\n\t\t\t\t<div class=\"elementor-element elementor-element-eef427c elementor-widget elementor-widget-heading\" data-id=\"eef427c\" data-element_type=\"widget\" data-widget_type=\"heading.default\">\n\t\t\t\t<div class=\"elementor-widget-container\">\n\t\t\t\t\t<h2 class=\"elementor-heading-title elementor-size-default\">pr\u00e9venir les risques<\/h2>\t\t\t\t<\/div>\n\t\t\t\t<\/div>\n\t\t\t\t<div class=\"elementor-element elementor-element-9d6d9fe elementor-widget elementor-widget-image\" data-id=\"9d6d9fe\" data-element_type=\"widget\" data-widget_type=\"image.default\">\n\t\t\t\t<div class=\"elementor-widget-container\">\n\t\t\t\t\t\t\t\t\t\t\t\t\t\t\t<img fetchpriority=\"high\" decoding=\"async\" width=\"256\" height=\"256\" src=\"https:\/\/baticleantech.fr\/wp-content\/uploads\/2025\/05\/danger-svgrepo-com.png\" class=\"attachment-large size-large wp-image-1875\" alt=\"\" srcset=\"https:\/\/baticleantech.fr\/wp-content\/uploads\/2025\/05\/danger-svgrepo-com.png 256w, https:\/\/baticleantech.fr\/wp-content\/uploads\/2025\/05\/danger-svgrepo-com-150x150.png 150w\" sizes=\"(max-width: 256px) 100vw, 256px\" \/>\t\t\t\t\t\t\t\t\t\t\t\t\t\t\t<\/div>\n\t\t\t\t<\/div>\n\t\t\t\t<div class=\"elementor-element elementor-element-88891dd elementor-widget-tablet__width-initial elementor-widget-mobile__width-inherit elementor-widget elementor-widget-text-editor\" data-id=\"88891dd\" data-element_type=\"widget\" data-widget_type=\"text-editor.default\">\n\t\t\t\t<div class=\"elementor-widget-container\">\n\t\t\t\t\t\t\t\t\t<div style=\"text-align: justify; hyphens: auto; max-width: 800px; margin: auto; line-height: 1.6;\"><p>Les syst\u00e8mes de couverture et d\u2019\u00e9tanch\u00e9it\u00e9 doivent respecter des normes strictes, ce qui n\u00e9cessite une surveillance constante ainsi que des interventions r\u00e9guli\u00e8res. Il est imp\u00e9ratif de souscrire \u00e0 un contrat d\u2019entretien incluant la p\u00e9riode de garantie d\u00e9cennale, afin de garantir la conformit\u00e9 et la performance de l\u2019ouvrage dans le temps. Un d\u00e9faut au niveau des membranes d\u2019\u00e9tanch\u00e9it\u00e9, des couvertures ou des \u00e9l\u00e9ments structurels peut provoquer des d\u00e9gradations importantes, pouvant aller jusqu\u2019\u00e0 compromettre l\u2019exploitation du site.<\/p><\/div>\t\t\t\t\t\t\t\t<\/div>\n\t\t\t\t<\/div>\n\t\t\t\t<\/div>\n\t\t<div class=\"elementor-element elementor-element-407b219 e-con-full toiture-img elementor-hidden-mobile e-flex e-con e-child\" data-id=\"407b219\" data-element_type=\"container\" data-settings=\"{&quot;background_background&quot;:&quot;classic&quot;}\">\n\t\t\t\t<\/div>\n\t\t\t\t<\/div>\n\t\t<div class=\"elementor-element elementor-element-46c4c3b e-con-full e-flex e-con e-child\" data-id=\"46c4c3b\" data-element_type=\"container\">\n\t\t<div class=\"elementor-element elementor-element-23863c4 e-con-full toiture-img e-flex e-con e-child\" data-id=\"23863c4\" data-element_type=\"container\" data-settings=\"{&quot;background_background&quot;:&quot;classic&quot;}\">\n\t\t\t\t<\/div>\n\t\t<div class=\"elementor-element elementor-element-c5c9a3c e-con-full e-flex e-con e-child\" data-id=\"c5c9a3c\" data-element_type=\"container\">\n\t\t\t\t<div class=\"elementor-element elementor-element-5b3be84 elementor-widget elementor-widget-heading\" data-id=\"5b3be84\" data-element_type=\"widget\" data-widget_type=\"heading.default\">\n\t\t\t\t<div class=\"elementor-widget-container\">\n\t\t\t\t\t<h2 class=\"elementor-heading-title elementor-size-default\">Maintenance sp\u00e9cialis\u00e9e<\/h2>\t\t\t\t<\/div>\n\t\t\t\t<\/div>\n\t\t\t\t<div class=\"elementor-element elementor-element-8293fb3 elementor-widget elementor-widget-image\" data-id=\"8293fb3\" data-element_type=\"widget\" data-widget_type=\"image.default\">\n\t\t\t\t<div class=\"elementor-widget-container\">\n\t\t\t\t\t\t\t\t\t\t\t\t\t\t\t<img decoding=\"async\" width=\"256\" height=\"256\" src=\"https:\/\/baticleantech.fr\/wp-content\/uploads\/2025\/05\/gear-man-specialist-svgrepo-com.png\" class=\"attachment-large size-large wp-image-1876\" alt=\"\" srcset=\"https:\/\/baticleantech.fr\/wp-content\/uploads\/2025\/05\/gear-man-specialist-svgrepo-com.png 256w, https:\/\/baticleantech.fr\/wp-content\/uploads\/2025\/05\/gear-man-specialist-svgrepo-com-150x150.png 150w\" sizes=\"(max-width: 256px) 100vw, 256px\" \/>\t\t\t\t\t\t\t\t\t\t\t\t\t\t\t<\/div>\n\t\t\t\t<\/div>\n\t\t\t\t<div class=\"elementor-element elementor-element-696049a elementor-widget-tablet__width-initial elementor-widget-mobile__width-inherit elementor-widget elementor-widget-text-editor\" data-id=\"696049a\" data-element_type=\"widget\" data-widget_type=\"text-editor.default\">\n\t\t\t\t<div class=\"elementor-widget-container\">\n\t\t\t\t\t\t\t\t\t<div style=\"text-align: justify; hyphens: auto; max-width: 700px; margin: auto;\"><p>En dehors des obligations impos\u00e9es par les assurances, il est essentiel de faire appel \u00e0 des entreprises sp\u00e9cialis\u00e9es dans la gestion et la maintenance de ces complexes. Celles-ci disposent des comp\u00e9tences techniques n\u00e9cessaires pour anticiper les dysfonctionnements, diagnostiquer les zones critiques et pr\u00e9server la fonctionnalit\u00e9 globale de la toiture.<\/p><\/div>\t\t\t\t\t\t\t\t<\/div>\n\t\t\t\t<\/div>\n\t\t\t\t<\/div>\n\t\t\t\t<\/div>\n\t\t\t\t\t<\/div>\n\t\t\t\t<\/div>\n\t\t\t\t\t<\/div>\n\t\t\t\t<\/div>\n\t\t<div class=\"elementor-element elementor-element-d380224 e-flex e-con-boxed e-con e-parent\" data-id=\"d380224\" data-element_type=\"container\">\n\t\t\t\t\t<div class=\"e-con-inner\">\n\t\t\t\t\t<\/div>\n\t\t\t\t<\/div>\n\t\t\t\t<\/div>\n\t\t","protected":false},"excerpt":{"rendered":"<p>Toiture Les toitures, qu&rsquo;elles soient plates ou inclin\u00e9es, sont expos\u00e9es aux intemp\u00e9ries, aux salissures et aux v\u00e9g\u00e9taux ind\u00e9sirables. Un nettoyage r\u00e9gulier garantit leur durabilit\u00e9 et pr\u00e9vient les risques d\u2019infiltrations et de d\u00e9gradations. Entretien des toits terrasses : Suppression des v\u00e9g\u00e9taux, surplus de paillettes, poussi\u00e8res et salet\u00e9s pour \u00e9viter l\u2019encrassement et maintenir une bonne \u00e9vacuation des [&hellip;]<\/p>\n","protected":false},"author":1,"featured_media":0,"parent":0,"menu_order":0,"comment_status":"closed","ping_status":"closed","template":"","meta":{"ocean_post_layout":"full-screen","ocean_both_sidebars_style":"","ocean_both_sidebars_content_width":0,"ocean_both_sidebars_sidebars_width":0,"ocean_sidebar":"0","ocean_second_sidebar":"0","ocean_disable_margins":"on","ocean_add_body_class":"","ocean_shortcode_before_top_bar":"","ocean_shortcode_after_top_bar":"","ocean_shortcode_before_header":"","ocean_shortcode_after_header":"","ocean_has_shortcode":"","ocean_shortcode_after_title":"","ocean_shortcode_before_footer_widgets":"","ocean_shortcode_after_footer_widgets":"","ocean_shortcode_before_footer_bottom":"","ocean_shortcode_after_footer_bottom":"","ocean_display_top_bar":"default","ocean_display_header":"default","ocean_header_style":"transparent","ocean_center_header_left_menu":"0","ocean_custom_header_template":"0","ocean_custom_logo":0,"ocean_custom_retina_logo":0,"ocean_custom_logo_max_width":0,"ocean_custom_logo_tablet_max_width":0,"ocean_custom_logo_mobile_max_width":0,"ocean_custom_logo_max_height":0,"ocean_custom_logo_tablet_max_height":0,"ocean_custom_logo_mobile_max_height":0,"ocean_header_custom_menu":"0","ocean_menu_typo_font_family":"0","ocean_menu_typo_font_subset":"","ocean_menu_typo_font_size":0,"ocean_menu_typo_font_size_tablet":0,"ocean_menu_typo_font_size_mobile":0,"ocean_menu_typo_font_size_unit":"px","ocean_menu_typo_font_weight":"","ocean_menu_typo_font_weight_tablet":"","ocean_menu_typo_font_weight_mobile":"","ocean_menu_typo_transform":"","ocean_menu_typo_transform_tablet":"","ocean_menu_typo_transform_mobile":"","ocean_menu_typo_line_height":0,"ocean_menu_typo_line_height_tablet":0,"ocean_menu_typo_line_height_mobile":0,"ocean_menu_typo_line_height_unit":"","ocean_menu_typo_spacing":0,"ocean_menu_typo_spacing_tablet":0,"ocean_menu_typo_spacing_mobile":0,"ocean_menu_typo_spacing_unit":"","ocean_menu_link_color":"#ffffff","ocean_menu_link_color_hover":"#6e8fef","ocean_menu_link_color_active":"#ffffff","ocean_menu_link_background":"","ocean_menu_link_hover_background":"","ocean_menu_link_active_background":"","ocean_menu_social_links_bg":"","ocean_menu_social_hover_links_bg":"","ocean_menu_social_links_color":"#ffffff","ocean_menu_social_hover_links_color":"#6e8fef","ocean_disable_title":"on","ocean_disable_heading":"default","ocean_post_title":"","ocean_post_subheading":"","ocean_post_title_style":"","ocean_post_title_background_color":"","ocean_post_title_background":0,"ocean_post_title_bg_image_position":"","ocean_post_title_bg_image_attachment":"","ocean_post_title_bg_image_repeat":"","ocean_post_title_bg_image_size":"","ocean_post_title_height":0,"ocean_post_title_bg_overlay":0.5,"ocean_post_title_bg_overlay_color":"","ocean_disable_breadcrumbs":"off","ocean_breadcrumbs_color":"","ocean_breadcrumbs_separator_color":"","ocean_breadcrumbs_links_color":"","ocean_breadcrumbs_links_hover_color":"","ocean_display_footer_widgets":"default","ocean_display_footer_bottom":"default","ocean_custom_footer_template":"0","footnotes":""},"class_list":["post-1256","page","type-page","status-publish","hentry","entry"],"_links":{"self":[{"href":"https:\/\/baticleantech.fr\/index.php?rest_route=\/wp\/v2\/pages\/1256","targetHints":{"allow":["GET"]}}],"collection":[{"href":"https:\/\/baticleantech.fr\/index.php?rest_route=\/wp\/v2\/pages"}],"about":[{"href":"https:\/\/baticleantech.fr\/index.php?rest_route=\/wp\/v2\/types\/page"}],"author":[{"embeddable":true,"href":"https:\/\/baticleantech.fr\/index.php?rest_route=\/wp\/v2\/users\/1"}],"replies":[{"embeddable":true,"href":"https:\/\/baticleantech.fr\/index.php?rest_route=%2Fwp%2Fv2%2Fcomments&post=1256"}],"version-history":[{"count":214,"href":"https:\/\/baticleantech.fr\/index.php?rest_route=\/wp\/v2\/pages\/1256\/revisions"}],"predecessor-version":[{"id":2537,"href":"https:\/\/baticleantech.fr\/index.php?rest_route=\/wp\/v2\/pages\/1256\/revisions\/2537"}],"wp:attachment":[{"href":"https:\/\/baticleantech.fr\/index.php?rest_route=%2Fwp%2Fv2%2Fmedia&parent=1256"}],"curies":[{"name":"wp","href":"https:\/\/api.w.org\/{rel}","templated":true}]}}