{"id":673,"date":"2022-04-25T02:23:01","date_gmt":"2022-04-25T02:23:01","guid":{"rendered":"https:\/\/architect.oceanwp.org\/?page_id=673"},"modified":"2025-07-15T11:15:18","modified_gmt":"2025-07-15T11:15:18","slug":"photovoltaique","status":"publish","type":"page","link":"https:\/\/baticleantech.fr\/?page_id=673","title":{"rendered":"Photovolta\u00efque"},"content":{"rendered":"\t\t<div data-elementor-type=\"wp-page\" data-elementor-id=\"673\" class=\"elementor elementor-673\">\n\t\t\t\t<div class=\"elementor-element elementor-element-3de2df5 e-flex e-con-boxed e-con e-parent\" data-id=\"3de2df5\" data-element_type=\"container\" data-settings=\"{&quot;background_background&quot;:&quot;slideshow&quot;,&quot;background_slideshow_gallery&quot;:[{&quot;id&quot;:1173,&quot;url&quot;:&quot;https:\\\/\\\/baticleantech.fr\\\/wp-content\\\/uploads\\\/2025\\\/02\\\/solaires-scaled.jpg&quot;},{&quot;id&quot;:2083,&quot;url&quot;:&quot;https:\\\/\\\/baticleantech.fr\\\/wp-content\\\/uploads\\\/2025\\\/05\\\/20250526_1336_Aerial-Solar-Array-Precision_simple_compose_01jw660vxvebatgagbkyjhr5k5.png&quot;}],&quot;background_slideshow_loop&quot;:&quot;yes&quot;,&quot;background_slideshow_slide_duration&quot;:5000,&quot;background_slideshow_slide_transition&quot;:&quot;fade&quot;,&quot;background_slideshow_transition_duration&quot;:500}\">\n\t\t\t\t\t<div class=\"e-con-inner\">\n\t\t\t\t\t<\/div>\n\t\t\t\t<\/div>\n\t\t<div class=\"elementor-element elementor-element-bf7f159 e-flex e-con-boxed e-con e-parent\" data-id=\"bf7f159\" data-element_type=\"container\">\n\t\t\t\t\t<div class=\"e-con-inner\">\n\t\t\t\t<div class=\"elementor-element elementor-element-73ac7b4 elementor-widget-divider--view-line elementor-widget elementor-widget-divider\" data-id=\"73ac7b4\" data-element_type=\"widget\" data-widget_type=\"divider.default\">\n\t\t\t\t<div class=\"elementor-widget-container\">\n\t\t\t\t\t\t\t<div class=\"elementor-divider\">\n\t\t\t<span class=\"elementor-divider-separator\">\n\t\t\t\t\t\t<\/span>\n\t\t<\/div>\n\t\t\t\t\t\t<\/div>\n\t\t\t\t<\/div>\n\t\t\t\t<div class=\"elementor-element elementor-element-e26cca8 elementor-widget elementor-widget-heading\" data-id=\"e26cca8\" data-element_type=\"widget\" data-widget_type=\"heading.default\">\n\t\t\t\t<div class=\"elementor-widget-container\">\n\t\t\t\t\t<h2 class=\"elementor-heading-title elementor-size-default\">ENTRETIEN PANNEAUX SOLAIRES<\/h2>\t\t\t\t<\/div>\n\t\t\t\t<\/div>\n\t\t\t\t<div class=\"elementor-element elementor-element-5f20e0e elementor-widget-divider--view-line elementor-widget elementor-widget-divider\" data-id=\"5f20e0e\" data-element_type=\"widget\" data-widget_type=\"divider.default\">\n\t\t\t\t<div class=\"elementor-widget-container\">\n\t\t\t\t\t\t\t<div class=\"elementor-divider\">\n\t\t\t<span class=\"elementor-divider-separator\">\n\t\t\t\t\t\t<\/span>\n\t\t<\/div>\n\t\t\t\t\t\t<\/div>\n\t\t\t\t<\/div>\n\t\t\t\t<div class=\"elementor-element elementor-element-4d86f5c elementor-widget__width-initial elementor-widget elementor-widget-text-editor\" data-id=\"4d86f5c\" data-element_type=\"widget\" data-widget_type=\"text-editor.default\">\n\t\t\t\t<div class=\"elementor-widget-container\">\n\t\t\t\t\t\t\t\t\t<p>Saviez-vous qu\u2019un panneau solaire encrass\u00e9 perd jusqu\u2019\u00e0 30 % de son efficacit\u00e9 ? La poussi\u00e8re, la pollution et les r\u00e9sidus naturels diminuent la production d\u2019\u00e9nergie.<\/p><ul><li><span style=\"color: #2d79be;\">\u00c9limination des d\u00e9p\u00f4ts :<\/span> Poussi\u00e8re, pollution, mousse et d\u00e9bris emp\u00eachent une absorption optimale des cellules.<\/li><li><span style=\"color: #2d79be;\">Technique douce &amp; efficace :<\/span> Nettoyage s\u00e9curis\u00e9, sans produits agressifs, pr\u00e9servant l\u2019int\u00e9grit\u00e9 des cellules photovolta\u00efques.<\/li><li><span style=\"color: #2d79be;\">Pr\u00e9servation \u00e0 long terme :<\/span> Un entretien r\u00e9gulier \u00e9vite l\u2019usure et prolonge la dur\u00e9e de vie des installations solaires.<\/li><li><span style=\"color: #2d79be;\">\u00c9conomie d\u2019\u00e9nergie garantie :<\/span> Des panneaux propres permettent de maximiser la production d\u2019\u00e9lectricit\u00e9 et r\u00e9duire vos factures.<\/li><\/ul>\t\t\t\t\t\t\t\t<\/div>\n\t\t\t\t<\/div>\n\t\t\t\t<div class=\"elementor-element elementor-element-8783c15 elementor-widget-divider--view-line elementor-widget elementor-widget-divider\" data-id=\"8783c15\" data-element_type=\"widget\" data-widget_type=\"divider.default\">\n\t\t\t\t<div class=\"elementor-widget-container\">\n\t\t\t\t\t\t\t<div class=\"elementor-divider\">\n\t\t\t<span class=\"elementor-divider-separator\">\n\t\t\t\t\t\t<\/span>\n\t\t<\/div>\n\t\t\t\t\t\t<\/div>\n\t\t\t\t<\/div>\n\t\t\t\t\t<\/div>\n\t\t\t\t<\/div>\n\t\t<div class=\"elementor-element elementor-element-b0c99a5 e-flex e-con-boxed e-con e-parent\" data-id=\"b0c99a5\" data-element_type=\"container\">\n\t\t\t\t\t<div class=\"e-con-inner\">\n\t\t<div class=\"elementor-element elementor-element-b7b8025 e-con-full e-flex e-con e-child\" data-id=\"b7b8025\" data-element_type=\"container\">\n\t\t\t\t<div class=\"elementor-element elementor-element-e129b2c elementor-widget elementor-widget-heading\" data-id=\"e129b2c\" data-element_type=\"widget\" data-widget_type=\"heading.default\">\n\t\t\t\t<div class=\"elementor-widget-container\">\n\t\t\t\t\t<h2 class=\"elementor-heading-title elementor-size-default\">LES CENTRALES SOLAIRES EN TOITURE OU OMBRIERES<\/h2>\t\t\t\t<\/div>\n\t\t\t\t<\/div>\n\t\t<div class=\"elementor-element elementor-element-362cdf8 e-flex e-con-boxed e-con e-child\" data-id=\"362cdf8\" data-element_type=\"container\">\n\t\t\t\t\t<div class=\"e-con-inner\">\n\t\t<div class=\"elementor-element elementor-element-737464d elementor-hidden-mobile e-flex e-con-boxed e-con e-child\" data-id=\"737464d\" data-element_type=\"container\" data-settings=\"{&quot;background_background&quot;:&quot;classic&quot;}\">\n\t\t\t\t\t<div class=\"e-con-inner\">\n\t\t\t\t\t<\/div>\n\t\t\t\t<\/div>\n\t\t<div class=\"elementor-element elementor-element-7f7841c e-flex e-con-boxed e-con e-child\" data-id=\"7f7841c\" data-element_type=\"container\">\n\t\t\t\t\t<div class=\"e-con-inner\">\n\t\t\t\t<div class=\"elementor-element elementor-element-996950f elementor-widget elementor-widget-heading\" data-id=\"996950f\" data-element_type=\"widget\" id=\"performance\" data-widget_type=\"heading.default\">\n\t\t\t\t<div class=\"elementor-widget-container\">\n\t\t\t\t\t<h2 class=\"elementor-heading-title elementor-size-default\">Performance solaire assur\u00e9e<\/h2>\t\t\t\t<\/div>\n\t\t\t\t<\/div>\n\t\t\t\t<div class=\"elementor-element elementor-element-009d50c elementor-widget elementor-widget-image\" data-id=\"009d50c\" data-element_type=\"widget\" data-widget_type=\"image.default\">\n\t\t\t\t<div class=\"elementor-widget-container\">\n\t\t\t\t\t\t\t\t\t\t\t\t\t\t\t<img fetchpriority=\"high\" decoding=\"async\" width=\"512\" height=\"512\" src=\"https:\/\/baticleantech.fr\/wp-content\/uploads\/2025\/05\/solar-panels-svgrepo-com.png\" class=\"attachment-large size-large wp-image-1931\" alt=\"\" srcset=\"https:\/\/baticleantech.fr\/wp-content\/uploads\/2025\/05\/solar-panels-svgrepo-com.png 512w, https:\/\/baticleantech.fr\/wp-content\/uploads\/2025\/05\/solar-panels-svgrepo-com-300x300.png 300w, https:\/\/baticleantech.fr\/wp-content\/uploads\/2025\/05\/solar-panels-svgrepo-com-150x150.png 150w\" sizes=\"(max-width: 512px) 100vw, 512px\" \/>\t\t\t\t\t\t\t\t\t\t\t\t\t\t\t<\/div>\n\t\t\t\t<\/div>\n\t\t\t\t<div class=\"elementor-element elementor-element-e6d4c6a elementor-widget-tablet__width-initial elementor-widget elementor-widget-text-editor\" data-id=\"e6d4c6a\" data-element_type=\"widget\" data-widget_type=\"text-editor.default\">\n\t\t\t\t<div class=\"elementor-widget-container\">\n\t\t\t\t\t\t\t\t\t<p style=\"text-align: justify; hyphens: auto; line-height: 1.6; max-width: 800px; margin: auto;\">La maintenance r\u00e9guli\u00e8re des installations photovolta\u00efques est essentielle pour garantir des performances optimales. L&rsquo;accumulation de salet\u00e9s et de d\u00e9p\u00f4ts sur les panneaux solaires peut r\u00e9duire consid\u00e9rablement leur rendement, avec une perte pouvant atteindre 15 %. Afin de pr\u00e9server la productivit\u00e9 du syst\u00e8me et d&rsquo;\u00e9viter les dysfonctionnements susceptibles d&rsquo;en compromettre la durabilit\u00e9 et la rentabilit\u00e9, il est recommand\u00e9 d&rsquo;effectuer un entretien complet de la toiture au moins une fois par an.<\/p>\t\t\t\t\t\t\t\t<\/div>\n\t\t\t\t<\/div>\n\t\t\t\t\t<\/div>\n\t\t\t\t<\/div>\n\t\t\t\t\t<\/div>\n\t\t\t\t<\/div>\n\t\t<div class=\"elementor-element elementor-element-cc350f8 e-con-full e-flex e-con e-child\" data-id=\"cc350f8\" data-element_type=\"container\">\n\t\t<div class=\"elementor-element elementor-element-2f66cc3 e-con-full e-flex e-con e-child\" data-id=\"2f66cc3\" data-element_type=\"container\">\n\t\t\t\t<div class=\"elementor-element elementor-element-9ec7dd8 elementor-widget elementor-widget-heading\" data-id=\"9ec7dd8\" data-element_type=\"widget\" id=\"diagnostic\" data-widget_type=\"heading.default\">\n\t\t\t\t<div class=\"elementor-widget-container\">\n\t\t\t\t\t<h2 class=\"elementor-heading-title elementor-size-default\">Diagnostic personnalis\u00e9, performance garantie<\/h2>\t\t\t\t<\/div>\n\t\t\t\t<\/div>\n\t\t\t\t<div class=\"elementor-element elementor-element-93e9943 elementor-widget elementor-widget-image\" data-id=\"93e9943\" data-element_type=\"widget\" data-widget_type=\"image.default\">\n\t\t\t\t<div class=\"elementor-widget-container\">\n\t\t\t\t\t\t\t\t\t\t\t\t\t\t\t<img decoding=\"async\" width=\"1024\" height=\"1024\" src=\"https:\/\/baticleantech.fr\/wp-content\/uploads\/2025\/05\/ChatGPT-Image-May-12-2025-06_46_59-PM.png\" class=\"attachment-large size-large wp-image-1932\" alt=\"\" srcset=\"https:\/\/baticleantech.fr\/wp-content\/uploads\/2025\/05\/ChatGPT-Image-May-12-2025-06_46_59-PM.png 1024w, https:\/\/baticleantech.fr\/wp-content\/uploads\/2025\/05\/ChatGPT-Image-May-12-2025-06_46_59-PM-300x300.png 300w, https:\/\/baticleantech.fr\/wp-content\/uploads\/2025\/05\/ChatGPT-Image-May-12-2025-06_46_59-PM-150x150.png 150w, https:\/\/baticleantech.fr\/wp-content\/uploads\/2025\/05\/ChatGPT-Image-May-12-2025-06_46_59-PM-768x768.png 768w, https:\/\/baticleantech.fr\/wp-content\/uploads\/2025\/05\/ChatGPT-Image-May-12-2025-06_46_59-PM-600x600.png 600w\" sizes=\"(max-width: 1024px) 100vw, 1024px\" \/>\t\t\t\t\t\t\t\t\t\t\t\t\t\t\t<\/div>\n\t\t\t\t<\/div>\n\t\t\t\t<div class=\"elementor-element elementor-element-37f9682 elementor-widget-tablet__width-initial elementor-widget elementor-widget-text-editor\" data-id=\"37f9682\" data-element_type=\"widget\" data-widget_type=\"text-editor.default\">\n\t\t\t\t<div class=\"elementor-widget-container\">\n\t\t\t\t\t\t\t\t\t<p style=\"text-align: justify; hyphens: auto; line-height: 1.6; max-width: 800px; margin: auto;\">Afin de r\u00e9pondre aux sp\u00e9cificit\u00e9s de chaque installation, nous proposons des contrats de maintenance adapt\u00e9s aux caract\u00e9ristiques de l\u2019environnement imm\u00e9diat, qu\u2019il s\u2019agisse de zones arbor\u00e9es, de pollution atmosph\u00e9rique ou d\u2019exposition au pollen. En compl\u00e9ment, nous r\u00e9alisons des diagnostics personnalis\u00e9s pour couvrir vos besoins sp\u00e9cifiques, comme l\u2019analyse des pertes de rendement ou les v\u00e9rifications cons\u00e9cutives \u00e0 des \u00e9v\u00e9nements climatiques exceptionnels, tels que la gr\u00eale. Gr\u00e2ce \u00e0 notre approche sur mesure, nous assurons la p\u00e9rennit\u00e9 et l\u2019efficacit\u00e9 de vos \u00e9quipements.<\/p><p>\u00a0<\/p>\t\t\t\t\t\t\t\t<\/div>\n\t\t\t\t<\/div>\n\t\t\t\t<\/div>\n\t\t<div class=\"elementor-element elementor-element-f918100 elementor-hidden-mobile e-flex e-con-boxed e-con e-child\" data-id=\"f918100\" data-element_type=\"container\" data-settings=\"{&quot;background_background&quot;:&quot;classic&quot;}\">\n\t\t\t\t\t<div class=\"e-con-inner\">\n\t\t\t\t\t<\/div>\n\t\t\t\t<\/div>\n\t\t\t\t<\/div>\n\t\t\t\t<\/div>\n\t\t\t\t\t<\/div>\n\t\t\t\t<\/div>\n\t\t<div class=\"elementor-element elementor-element-794f0b6 e-flex e-con-boxed e-con e-parent\" data-id=\"794f0b6\" data-element_type=\"container\">\n\t\t\t\t\t<div class=\"e-con-inner\">\n\t\t\t\t\t<\/div>\n\t\t\t\t<\/div>\n\t\t\t\t<\/div>\n\t\t","protected":false},"excerpt":{"rendered":"<p>ENTRETIEN PANNEAUX SOLAIRES Saviez-vous qu\u2019un panneau solaire encrass\u00e9 perd jusqu\u2019\u00e0 30 % de son efficacit\u00e9 ? La poussi\u00e8re, la pollution et les r\u00e9sidus naturels diminuent la production d\u2019\u00e9nergie. \u00c9limination des d\u00e9p\u00f4ts : Poussi\u00e8re, pollution, mousse et d\u00e9bris emp\u00eachent une absorption optimale des cellules. Technique douce &amp; efficace : Nettoyage s\u00e9curis\u00e9, sans produits agressifs, pr\u00e9servant l\u2019int\u00e9grit\u00e9 [&hellip;]<\/p>\n","protected":false},"author":1,"featured_media":0,"parent":0,"menu_order":0,"comment_status":"closed","ping_status":"closed","template":"","meta":{"ocean_post_layout":"full-screen","ocean_both_sidebars_style":"","ocean_both_sidebars_content_width":0,"ocean_both_sidebars_sidebars_width":0,"ocean_sidebar":"0","ocean_second_sidebar":"0","ocean_disable_margins":"on","ocean_add_body_class":"","ocean_shortcode_before_top_bar":"","ocean_shortcode_after_top_bar":"","ocean_shortcode_before_header":"","ocean_shortcode_after_header":"","ocean_has_shortcode":"","ocean_shortcode_after_title":"","ocean_shortcode_before_footer_widgets":"","ocean_shortcode_after_footer_widgets":"","ocean_shortcode_before_footer_bottom":"","ocean_shortcode_after_footer_bottom":"","ocean_display_top_bar":"default","ocean_display_header":"default","ocean_header_style":"transparent","ocean_center_header_left_menu":"0","ocean_custom_header_template":"0","ocean_custom_logo":0,"ocean_custom_retina_logo":0,"ocean_custom_logo_max_width":0,"ocean_custom_logo_tablet_max_width":0,"ocean_custom_logo_mobile_max_width":0,"ocean_custom_logo_max_height":0,"ocean_custom_logo_tablet_max_height":0,"ocean_custom_logo_mobile_max_height":0,"ocean_header_custom_menu":"0","ocean_menu_typo_font_family":"0","ocean_menu_typo_font_subset":"","ocean_menu_typo_font_size":0,"ocean_menu_typo_font_size_tablet":0,"ocean_menu_typo_font_size_mobile":0,"ocean_menu_typo_font_size_unit":"px","ocean_menu_typo_font_weight":"","ocean_menu_typo_font_weight_tablet":"","ocean_menu_typo_font_weight_mobile":"","ocean_menu_typo_transform":"","ocean_menu_typo_transform_tablet":"","ocean_menu_typo_transform_mobile":"","ocean_menu_typo_line_height":0,"ocean_menu_typo_line_height_tablet":0,"ocean_menu_typo_line_height_mobile":0,"ocean_menu_typo_line_height_unit":"","ocean_menu_typo_spacing":0,"ocean_menu_typo_spacing_tablet":0,"ocean_menu_typo_spacing_mobile":0,"ocean_menu_typo_spacing_unit":"","ocean_menu_link_color":"#ffffff","ocean_menu_link_color_hover":"#6e8fef","ocean_menu_link_color_active":"#ffffff","ocean_menu_link_background":"","ocean_menu_link_hover_background":"","ocean_menu_link_active_background":"","ocean_menu_social_links_bg":"","ocean_menu_social_hover_links_bg":"","ocean_menu_social_links_color":"#ffffff","ocean_menu_social_hover_links_color":"#6e8fef","ocean_disable_title":"on","ocean_disable_heading":"default","ocean_post_title":"","ocean_post_subheading":"","ocean_post_title_style":"","ocean_post_title_background_color":"","ocean_post_title_background":0,"ocean_post_title_bg_image_position":"","ocean_post_title_bg_image_attachment":"","ocean_post_title_bg_image_repeat":"","ocean_post_title_bg_image_size":"","ocean_post_title_height":0,"ocean_post_title_bg_overlay":0.5,"ocean_post_title_bg_overlay_color":"","ocean_disable_breadcrumbs":"off","ocean_breadcrumbs_color":"","ocean_breadcrumbs_separator_color":"","ocean_breadcrumbs_links_color":"","ocean_breadcrumbs_links_hover_color":"","ocean_display_footer_widgets":"default","ocean_display_footer_bottom":"default","ocean_custom_footer_template":"0","footnotes":""},"class_list":["post-673","page","type-page","status-publish","hentry","entry"],"_links":{"self":[{"href":"https:\/\/baticleantech.fr\/index.php?rest_route=\/wp\/v2\/pages\/673","targetHints":{"allow":["GET"]}}],"collection":[{"href":"https:\/\/baticleantech.fr\/index.php?rest_route=\/wp\/v2\/pages"}],"about":[{"href":"https:\/\/baticleantech.fr\/index.php?rest_route=\/wp\/v2\/types\/page"}],"author":[{"embeddable":true,"href":"https:\/\/baticleantech.fr\/index.php?rest_route=\/wp\/v2\/users\/1"}],"replies":[{"embeddable":true,"href":"https:\/\/baticleantech.fr\/index.php?rest_route=%2Fwp%2Fv2%2Fcomments&post=673"}],"version-history":[{"count":76,"href":"https:\/\/baticleantech.fr\/index.php?rest_route=\/wp\/v2\/pages\/673\/revisions"}],"predecessor-version":[{"id":2541,"href":"https:\/\/baticleantech.fr\/index.php?rest_route=\/wp\/v2\/pages\/673\/revisions\/2541"}],"wp:attachment":[{"href":"https:\/\/baticleantech.fr\/index.php?rest_route=%2Fwp%2Fv2%2Fmedia&parent=673"}],"curies":[{"name":"wp","href":"https:\/\/api.w.org\/{rel}","templated":true}]}}